{"id":141,"date":"2023-04-28T07:37:58","date_gmt":"2023-04-28T07:37:58","guid":{"rendered":"https:\/\/izsalud.es\/?page_id=141"},"modified":"2023-05-26T11:47:34","modified_gmt":"2023-05-26T11:47:34","slug":"accesibilidad","status":"publish","type":"page","link":"https:\/\/izsalud.es\/index.php\/accesibilidad\/","title":{"rendered":"Accesibilidad"},"content":{"rendered":"<p>[et_pb_section fb_built=\u00bb1&#8243; admin_label=\u00bbHeader\u00bb _builder_version=\u00bb4.19.5&#8243; _module_preset=\u00bbdefault\u00bb background_color=\u00bbgcid-4dccef5c-a04c-4e7c-abbe-b1e880c58010&#8243; collapsed=\u00bbon\u00bb global_colors_info=\u00bb{%22gcid-4dccef5c-a04c-4e7c-abbe-b1e880c58010%22:%91%22background_color%22%93}\u00bb][et_pb_row _builder_version=\u00bb4.19.5&#8243; _module_preset=\u00bbdefault\u00bb max_width=\u00bb800px\u00bb global_colors_info=\u00bb{}\u00bb][et_pb_column type=\u00bb4_4&#8243; _builder_version=\u00bb4.19.5&#8243; _module_preset=\u00bbdefault\u00bb global_colors_info=\u00bb{}\u00bb][et_pb_text _builder_version=\u00bb4.20.4&#8243; _module_preset=\u00bb5d82954f-11fc-47bc-b502-211fa258c813&#8243; header_text_color=\u00bbgcid-f743be1f-46bf-4685-bc55-7e8b347eb98d\u00bb text_orientation=\u00bbcenter\u00bb custom_margin=\u00bb||10px||false|false\u00bb global_colors_info=\u00bb{%22gcid-f743be1f-46bf-4685-bc55-7e8b347eb98d%22:%91%22header_text_color%22%93}\u00bb]<\/p>\n<h1>Declaraci\u00f3n Accesibilidad<\/h1>\n<p>[\/et_pb_text][et_pb_text _builder_version=\u00bb4.21.0&#8243; _module_preset=\u00bb8c619c7f-46c6-4353-838e-efb9a717c8b6&#8243; text_text_color=\u00bb#FFFFFF\u00bb text_orientation=\u00bbcenter\u00bb hover_enabled=\u00bb0&#8243; global_colors_info=\u00bb{}\u00bb sticky_enabled=\u00bb0&#8243;]<\/p>\n<p>IZ SALUD S.L. se ha comprometido a hacer accesible su sitio web de conformidad con el <span>\u00a0<\/span><a href=\"http:\/\/www.boe.es\/diario_boe\/txt.php?id=BOE-A-2018-12699\">Real Decreto 1112\/2018, de 7 de septiembre, sobre accesibilidad de los sitios web y aplicaciones para dispositivos m\u00f3viles del sector p\u00fablico.<\/a><\/p>\n<p>La presente declaraci\u00f3n de accesibilidad se aplica al sitio web https:\/\/www.izsalud.es<\/p>\n<p>Situaci\u00f3n de cumplimiento<\/p>\n<p>Este sitio web es\u00a0<strong>plenamente conforme\u00a0<\/strong>con el RD 1112\/2018<\/p>\n<p>Preparaci\u00f3n de la presente declaraci\u00f3n de accesibilidad<\/p>\n<p>La presente declaraci\u00f3n fue preparada el 19 de enero \u00a0de 2023.<\/p>\n<p>El m\u00e9todo empleado para preparar la declaraci\u00f3n ha sido una autoevaluaci\u00f3n llevada a cabo por el agente digital: Aradat Sistemas.<\/p>\n<p>\u00daltima revisi\u00f3n de la declaraci\u00f3n:\u00a019 de enero \u00a0de 2023.<\/p>\n<p>Observaciones y datos de contacto<\/p>\n<p>Puede realizar\u00a0comunicaciones\u00a0sobre requisitos de accesibilidad (art\u00edculo 10.2.a) del RD 1112\/2018) como, por ejemplo:<\/p>\n<ul>\n<li>Informar sobre cualquier posible incumplimiento por parte de este sitio web<\/li>\n<li>Iransmitir otras dificultades de acceso al contenido<\/li>\n<li>Formular cualquier otra consulta o sugerencia de mejora relativa a la accesibilidad del sitio web<\/li>\n<\/ul>\n<blockquote>\n<p>A\u00a0trav\u00e9s del siguiente\u00a0<a href=\"https:\/\/izsalud.es\/index.php\/contacto\/\">formulario de contacto<\/a><span>\u00a0<\/span>o llamando al tel\u00e9fono<span>\u00a0<\/span><strong>664 442 505<\/strong>.<\/p>\n<\/blockquote>\n<p>Puede presentar:<\/p>\n<ul>\n<li>Una Queja relativa al cumplimiento de los requisitos del RD 1112\/2018 o<\/li>\n<li>Una Solicitud de Informaci\u00f3n accesible relativa a:<\/li>\n<ul>\n<li>Contenidos que est\u00e1n excluidos del \u00e1mbito de aplicaci\u00f3n del RD 1112\/2018 seg\u00fan lo establecido por el art\u00edculo 3, apartado 4<\/li>\n<li>Contenidos que est\u00e1n exentos del cumplimiento de los requisitos de accesibilidad por imponer una carga desproporcionada.<\/li>\n<\/ul>\n<\/ul>\n<p>En la Solicitud de informaci\u00f3n accesible, se debe concretar, con toda claridad, los hechos, razones y petici\u00f3n que permitan constatar que se trata de una solicitud razonable y leg\u00edtima.<\/p>\n<p>Las comunicaciones, quejas y solicitudes de informaci\u00f3n accesible ser\u00e1n recibidas y tratadas por IZ SALUD S.L.<\/p>\n<p>Procedimiento de aplicaci\u00f3n<\/p>\n<p>Si una vez realizada una solicitud de informaci\u00f3n accesible o queja, \u00e9sta hubiera sido desestimada, no se estuviera de acuerdo con la decisi\u00f3n adoptada, o la respuesta no cumpliera los requisitos contemplados en el art\u00edculo 12.5, la persona interesada podr\u00e1 iniciar una reclamaci\u00f3n.<\/p>\n<p>[\/et_pb_text][\/et_pb_column][\/et_pb_row][\/et_pb_section]<\/p>\n","protected":false},"excerpt":{"rendered":"<p>Declaraci\u00f3n AccesibilidadIZ SALUD S.L. se ha comprometido a hacer accesible su sitio web de conformidad con el \u00a0Real Decreto 1112\/2018, de 7 de septiembre, sobre accesibilidad de los sitios web y aplicaciones para dispositivos m\u00f3viles del sector p\u00fablico. La presente declaraci\u00f3n de accesibilidad se aplica al sitio web https:\/\/www.izsalud.es Situaci\u00f3n de cumplimiento Este sitio web [&hellip;]<\/p>\n","protected":false},"author":1,"featured_media":0,"parent":0,"menu_order":0,"comment_status":"closed","ping_status":"closed","template":"","meta":{"_et_pb_use_builder":"on","_et_pb_old_content":"","_et_gb_content_width":"","footnotes":""},"class_list":["post-141","page","type-page","status-publish","hentry"],"_links":{"self":[{"href":"https:\/\/izsalud.es\/index.php\/wp-json\/wp\/v2\/pages\/141","targetHints":{"allow":["GET"]}}],"collection":[{"href":"https:\/\/izsalud.es\/index.php\/wp-json\/wp\/v2\/pages"}],"about":[{"href":"https:\/\/izsalud.es\/index.php\/wp-json\/wp\/v2\/types\/page"}],"author":[{"embeddable":true,"href":"https:\/\/izsalud.es\/index.php\/wp-json\/wp\/v2\/users\/1"}],"replies":[{"embeddable":true,"href":"https:\/\/izsalud.es\/index.php\/wp-json\/wp\/v2\/comments?post=141"}],"version-history":[{"count":7,"href":"https:\/\/izsalud.es\/index.php\/wp-json\/wp\/v2\/pages\/141\/revisions"}],"predecessor-version":[{"id":169,"href":"https:\/\/izsalud.es\/index.php\/wp-json\/wp\/v2\/pages\/141\/revisions\/169"}],"wp:attachment":[{"href":"https:\/\/izsalud.es\/index.php\/wp-json\/wp\/v2\/media?parent=141"}],"curies":[{"name":"wp","href":"https:\/\/api.w.org\/{rel}","templated":true}]}}