{"id":86,"date":"2023-04-27T11:06:20","date_gmt":"2023-04-27T11:06:20","guid":{"rendered":"https:\/\/izsalud.es\/?page_id=86"},"modified":"2023-04-28T07:16:30","modified_gmt":"2023-04-28T07:16:30","slug":"sobre-nosotros","status":"publish","type":"page","link":"https:\/\/izsalud.es\/index.php\/sobre-nosotros\/","title":{"rendered":"Sobre nosotros"},"content":{"rendered":"<p>[et_pb_section fb_built=\u00bb1&#8243; admin_label=\u00bbAbout\u00bb _builder_version=\u00bb4.19.5&#8243; _module_preset=\u00bbdefault\u00bb background_color=\u00bbgcid-9464c34f-f9ff-43eb-9668-c958662e33fc\u00bb locked=\u00bboff\u00bb collapsed=\u00bbon\u00bb global_colors_info=\u00bb{%22gcid-9464c34f-f9ff-43eb-9668-c958662e33fc%22:%91%22background_color%22%93}\u00bb][et_pb_row column_structure=\u00bb1_2,1_2&#8243; make_equal=\u00bbon\u00bb _builder_version=\u00bb4.19.5&#8243; _module_preset=\u00bbdefault\u00bb global_colors_info=\u00bb{}\u00bb][et_pb_column type=\u00bb1_2&#8243; _builder_version=\u00bb4.19.5&#8243; _module_preset=\u00bbdefault\u00bb global_colors_info=\u00bb{}\u00bb][et_pb_image src=\u00bbhttps:\/\/izsalud.es\/wp-content\/uploads\/2023\/04\/health-clinic-1.png\u00bb title_text=\u00bbhealth-clinic-1&#8243; _builder_version=\u00bb4.19.5&#8243; _module_preset=\u00bbdefault\u00bb max_height=\u00bb12px\u00bb locked=\u00bboff\u00bb global_colors_info=\u00bb{}\u00bb][\/et_pb_image][et_pb_text _builder_version=\u00bb4.20.4&#8243; _module_preset=\u00bb3ff23a10-76a9-4524-887c-405fb63f7bc5&#8243; header_text_color=\u00bbgcid-f743be1f-46bf-4685-bc55-7e8b347eb98d\u00bb text_orientation=\u00bbcenter\u00bb custom_margin=\u00bb||10px||false|false\u00bb locked=\u00bboff\u00bb global_colors_info=\u00bb{%22gcid-f743be1f-46bf-4685-bc55-7e8b347eb98d%22:%91%22header_text_color%22%93}\u00bb]<\/p>\n<h1><span style=\"color: #082125;\">Sobre Nosotros<\/span><\/h1>\n<p>[\/et_pb_text][et_pb_text _builder_version=\u00bb4.20.4&#8243; _module_preset=\u00bbfd8d6740-31a5-4226-b87d-f9cb3edaba8c\u00bb global_colors_info=\u00bb{}\u00bb]<\/p>\n<p><span><\/span><\/p>\n<p style=\"text-align: justify;\"><span>En IZ SALUD nos dedicamos al estudio de la influencia del campo magn\u00e9tico permanente y el campo magn\u00e9tico pulsante con corriente continua en el cuerpo humano.<\/span><\/p>\n<p style=\"text-align: justify;\">Nuestro objetivo es desarrollar m\u00e9todos de revisi\u00f3n objetiva y describir las alteraciones del campo bio-electro-magn\u00e9tico del organismo humano. Para ello, definimos las variables de dosaje, localizaci\u00f3n y polaridad de los campos magn\u00e9ticos.<\/p>\n<p style=\"text-align: justify;\">La influencia de los campos magn\u00e9ticos en la salud humana ha sido objeto de investigaci\u00f3n durante d\u00e9cadas, y se sabe que pueden afectar a las c\u00e9lulas del cuerpo y alterar su actividad. Nuestro equipo se centra en estudiar los efectos del SMF y el EMF\/DC en el cuerpo humano, y c\u00f3mo estos campos pueden mejorar la calidad de vida y el bienestar de las personas examinadas.<\/p>\n<p>[\/et_pb_text][\/et_pb_column][et_pb_column type=\u00bb1_2&#8243; _builder_version=\u00bb4.19.5&#8243; _module_preset=\u00bbdefault\u00bb global_colors_info=\u00bb{}\u00bb][et_pb_image src=\u00bbhttps:\/\/izsalud.es\/wp-content\/uploads\/2023\/04\/pexels-mart-production-7089032-1.jpg\u00bb title_text=\u00bbpexels-mart-production-7089032&#8243; _builder_version=\u00bb4.20.4&#8243; _module_preset=\u00bbdefault\u00bb border_radii=\u00bbon|10px|10px|10px|10px\u00bb global_colors_info=\u00bb{}\u00bb][\/et_pb_image][et_pb_image src=\u00bbhttps:\/\/izsalud.es\/wp-content\/uploads\/2023\/04\/health-clinic-2.png\u00bb title_text=\u00bbhealth-clinic-2&#8243; _builder_version=\u00bb4.19.5&#8243; _module_preset=\u00bbdefault\u00bb positioning=\u00bbabsolute\u00bb position_origin_a=\u00bbtop_right\u00bb vertical_offset=\u00bb-8%\u00bb horizontal_offset=\u00bb-8%\u00bb width=\u00bb30%\u00bb global_colors_info=\u00bb{}\u00bb][\/et_pb_image][\/et_pb_column][\/et_pb_row][et_pb_row column_structure=\u00bb1_2,1_2&#8243; make_equal=\u00bbon\u00bb _builder_version=\u00bb4.19.5&#8243; _module_preset=\u00bbdefault\u00bb global_colors_info=\u00bb{}\u00bb][et_pb_column type=\u00bb1_2&#8243; _builder_version=\u00bb4.19.5&#8243; _module_preset=\u00bbdefault\u00bb global_colors_info=\u00bb{}\u00bb][et_pb_image src=\u00bbhttps:\/\/izsalud.es\/wp-content\/uploads\/2023\/04\/health-clinic-2.png\u00bb title_text=\u00bbhealth-clinic-2&#8243; admin_label=\u00bbImage\u00bb _builder_version=\u00bb4.19.5&#8243; _module_preset=\u00bbdefault\u00bb positioning=\u00bbabsolute\u00bb position_origin_a=\u00bbbottom_left\u00bb vertical_offset=\u00bb-36%\u00bb horizontal_offset=\u00bb-8%\u00bb width=\u00bb30%\u00bb scroll_vertical_motion_enable=\u00bbon\u00bb scroll_vertical_motion=\u00bb0|50|50|100|1|0|-1&#8243; locked=\u00bboff\u00bb global_colors_info=\u00bb{}\u00bb][\/et_pb_image][et_pb_image src=\u00bbhttps:\/\/izsalud.es\/wp-content\/uploads\/2023\/04\/pexels-antoni-shkraba-5214997.jpg\u00bb title_text=\u00bbpexels-antoni-shkraba-5214997&#8243; _builder_version=\u00bb4.20.4&#8243; _module_preset=\u00bbdefault\u00bb border_radii=\u00bbon|10px|10px|10px|10px\u00bb global_colors_info=\u00bb{}\u00bb][\/et_pb_image][\/et_pb_column][et_pb_column type=\u00bb1_2&#8243; _builder_version=\u00bb4.19.5&#8243; _module_preset=\u00bbdefault\u00bb global_colors_info=\u00bb{}\u00bb][et_pb_text _builder_version=\u00bb4.20.4&#8243; _module_preset=\u00bbfd8d6740-31a5-4226-b87d-f9cb3edaba8c\u00bb locked=\u00bboff\u00bb global_colors_info=\u00bb{}\u00bb]<\/p>\n<p style=\"text-align: justify;\">Para lograr este objetivo, utilizamos diversos m\u00e9todos de investigaci\u00f3n, incluyendo la revisi\u00f3n objetiva de estudios existentes y la realizaci\u00f3n de investigaciones propias en el campo de la magnetobiolog\u00eda. Adem\u00e1s, colaboramos con otros investigadores y especialistas en el campo de la medicina para asegurarnos de que nuestros resultados sean precisos y \u00fatiles para la comunidad m\u00e9dica y cient\u00edfica en general.<\/p>\n<p>[\/et_pb_text][\/et_pb_column][\/et_pb_row][\/et_pb_section][et_pb_section fb_built=\u00bb1&#8243; admin_label=\u00bbHeader\u00bb _builder_version=\u00bb4.19.5&#8243; _module_preset=\u00bbdefault\u00bb background_color=\u00bbgcid-4dccef5c-a04c-4e7c-abbe-b1e880c58010&#8243; background_image=\u00bbhttps:\/\/izsalud.es\/wp-content\/uploads\/2023\/04\/health-clinic-2.png\u00bb background_size=\u00bbcustom\u00bb background_image_width=\u00bb16%\u00bb background_position=\u00bbtop_left\u00bb custom_padding=\u00bb||0px|||\u00bb collapsed=\u00bbon\u00bb global_colors_info=\u00bb{%22gcid-4dccef5c-a04c-4e7c-abbe-b1e880c58010%22:%91%22background_color%22%93}\u00bb locked=\u00bboff\u00bb][et_pb_row _builder_version=\u00bb4.19.5&#8243; _module_preset=\u00bbdefault\u00bb global_colors_info=\u00bb{}\u00bb][et_pb_column type=\u00bb4_4&#8243; _builder_version=\u00bb4.19.5&#8243; _module_preset=\u00bbdefault\u00bb global_colors_info=\u00bb{}\u00bb][et_pb_text _builder_version=\u00bb4.20.4&#8243; _module_preset=\u00bbb924439f-4744-47a1-bb05-9ae62a7c8a52&#8243; header_text_color=\u00bbgcid-f743be1f-46bf-4685-bc55-7e8b347eb98d\u00bb text_orientation=\u00bbcenter\u00bb global_colors_info=\u00bb{%22gcid-f743be1f-46bf-4685-bc55-7e8b347eb98d%22:%91%22header_text_color%22%93}\u00bb]<\/p>\n<h1>Contacto<\/h1>\n<p>[\/et_pb_text][et_pb_text _builder_version=\u00bb4.20.4&#8243; _module_preset=\u00bbc9601fc5-2a54-4fea-96dc-f8efeb455171&#8243; header_4_text_color=\u00bb#D2D0BB\u00bb text_orientation=\u00bbcenter\u00bb custom_margin=\u00bb||||false|false\u00bb locked=\u00bboff\u00bb global_colors_info=\u00bb{}\u00bb]<\/p>\n<h4 style=\"text-align: center;\"><span>Si desea obtener m\u00e1s informaci\u00f3n sobre nuestros estudios y resultados, <\/span><\/h4>\n<h4 style=\"text-align: center;\"><span>no dude en ponerse en contacto con nosotros.<\/span><\/h4>\n<p>[\/et_pb_text][\/et_pb_column][\/et_pb_row][\/et_pb_section][et_pb_section fb_built=\u00bb1&#8243; admin_label=\u00bbContact Form\u00bb _builder_version=\u00bb4.19.5&#8243; _module_preset=\u00bbdefault\u00bb background_color=\u00bbgcid-4dccef5c-a04c-4e7c-abbe-b1e880c58010&#8243; background_image=\u00bbhttps:\/\/izsalud.es\/wp-content\/uploads\/2023\/04\/health-clinic-12.png\u00bb background_size=\u00bbcontain\u00bb background_position=\u00bbtop_center\u00bb custom_padding=\u00bb||8vw||false|false\u00bb background_last_edited=\u00bboff|desktop\u00bb background_size_tablet=\u00bbcontain\u00bb collapsed=\u00bbon\u00bb global_colors_info=\u00bb{%22gcid-4dccef5c-a04c-4e7c-abbe-b1e880c58010%22:%91%22background_color%22%93}\u00bb locked=\u00bboff\u00bb][et_pb_row module_id=\u00bbcontacto\u00bb _builder_version=\u00bb4.20.4&#8243; _module_preset=\u00bbdefault\u00bb background_color=\u00bbgcid-9464c34f-f9ff-43eb-9668-c958662e33fc\u00bb transform_scale=\u00bb91%|91%\u00bb custom_padding=\u00bb5%|5%|5%|5%|true|true\u00bb hover_enabled=\u00bb0&#8243; border_radii=\u00bbon|10px|10px|10px|10px\u00bb box_shadow_style=\u00bbpreset6&#8243; global_colors_info=\u00bb{%22gcid-9464c34f-f9ff-43eb-9668-c958662e33fc%22:%91%22background_color%22%93}\u00bb link_option_url=\u00bb#contacto\u00bb sticky_enabled=\u00bb0&#8243;][et_pb_column type=\u00bb4_4&#8243; _builder_version=\u00bb4.19.5&#8243; _module_preset=\u00bbdefault\u00bb global_colors_info=\u00bb{}\u00bb][et_pb_contact_form captcha=\u00bboff\u00bb _builder_version=\u00bb4.20.4&#8243; _module_preset=\u00bb549b34d0-9aac-4b03-ac6c-4f8b92aae3f4&#8243; locked=\u00bboff\u00bb global_colors_info=\u00bb{}\u00bb][et_pb_contact_field field_id=\u00bbName\u00bb field_title=\u00bbNombre\u00bb fullwidth_field=\u00bbon\u00bb _builder_version=\u00bb4.20.4&#8243; _module_preset=\u00bbdefault\u00bb global_colors_info=\u00bb{}\u00bb button_text_size__hover_enabled=\u00bboff\u00bb button_one_text_size__hover_enabled=\u00bboff\u00bb button_two_text_size__hover_enabled=\u00bboff\u00bb button_text_color__hover_enabled=\u00bboff\u00bb button_one_text_color__hover_enabled=\u00bboff\u00bb button_two_text_color__hover_enabled=\u00bboff\u00bb button_border_width__hover_enabled=\u00bboff\u00bb button_one_border_width__hover_enabled=\u00bboff\u00bb button_two_border_width__hover_enabled=\u00bboff\u00bb button_border_color__hover_enabled=\u00bboff\u00bb button_one_border_color__hover_enabled=\u00bboff\u00bb button_two_border_color__hover_enabled=\u00bboff\u00bb button_border_radius__hover_enabled=\u00bboff\u00bb button_one_border_radius__hover_enabled=\u00bboff\u00bb button_two_border_radius__hover_enabled=\u00bboff\u00bb button_letter_spacing__hover_enabled=\u00bboff\u00bb button_one_letter_spacing__hover_enabled=\u00bboff\u00bb button_two_letter_spacing__hover_enabled=\u00bboff\u00bb button_bg_color__hover_enabled=\u00bboff\u00bb button_one_bg_color__hover_enabled=\u00bboff\u00bb button_two_bg_color__hover_enabled=\u00bboff\u00bb][\/et_pb_contact_field][et_pb_contact_field field_id=\u00bbEmail\u00bb field_title=\u00bbEmail \u00bb field_type=\u00bbemail\u00bb fullwidth_field=\u00bbon\u00bb _builder_version=\u00bb4.20.4&#8243; _module_preset=\u00bbdefault\u00bb global_colors_info=\u00bb{}\u00bb button_text_size__hover_enabled=\u00bboff\u00bb button_one_text_size__hover_enabled=\u00bboff\u00bb button_two_text_size__hover_enabled=\u00bboff\u00bb button_text_color__hover_enabled=\u00bboff\u00bb button_one_text_color__hover_enabled=\u00bboff\u00bb button_two_text_color__hover_enabled=\u00bboff\u00bb button_border_width__hover_enabled=\u00bboff\u00bb button_one_border_width__hover_enabled=\u00bboff\u00bb button_two_border_width__hover_enabled=\u00bboff\u00bb button_border_color__hover_enabled=\u00bboff\u00bb button_one_border_color__hover_enabled=\u00bboff\u00bb button_two_border_color__hover_enabled=\u00bboff\u00bb button_border_radius__hover_enabled=\u00bboff\u00bb button_one_border_radius__hover_enabled=\u00bboff\u00bb button_two_border_radius__hover_enabled=\u00bboff\u00bb button_letter_spacing__hover_enabled=\u00bboff\u00bb button_one_letter_spacing__hover_enabled=\u00bboff\u00bb button_two_letter_spacing__hover_enabled=\u00bboff\u00bb button_bg_color__hover_enabled=\u00bboff\u00bb button_one_bg_color__hover_enabled=\u00bboff\u00bb button_two_bg_color__hover_enabled=\u00bboff\u00bb][\/et_pb_contact_field][et_pb_contact_field field_id=\u00bbMessage\u00bb field_title=\u00bbMensaje\u00bb field_type=\u00bbtext\u00bb fullwidth_field=\u00bbon\u00bb _builder_version=\u00bb4.20.4&#8243; _module_preset=\u00bbdefault\u00bb global_colors_info=\u00bb{}\u00bb button_text_size__hover_enabled=\u00bboff\u00bb button_one_text_size__hover_enabled=\u00bboff\u00bb button_two_text_size__hover_enabled=\u00bboff\u00bb button_text_color__hover_enabled=\u00bboff\u00bb button_one_text_color__hover_enabled=\u00bboff\u00bb button_two_text_color__hover_enabled=\u00bboff\u00bb button_border_width__hover_enabled=\u00bboff\u00bb button_one_border_width__hover_enabled=\u00bboff\u00bb button_two_border_width__hover_enabled=\u00bboff\u00bb button_border_color__hover_enabled=\u00bboff\u00bb button_one_border_color__hover_enabled=\u00bboff\u00bb button_two_border_color__hover_enabled=\u00bboff\u00bb button_border_radius__hover_enabled=\u00bboff\u00bb button_one_border_radius__hover_enabled=\u00bboff\u00bb button_two_border_radius__hover_enabled=\u00bboff\u00bb button_letter_spacing__hover_enabled=\u00bboff\u00bb button_one_letter_spacing__hover_enabled=\u00bboff\u00bb button_two_letter_spacing__hover_enabled=\u00bboff\u00bb button_bg_color__hover_enabled=\u00bboff\u00bb button_one_bg_color__hover_enabled=\u00bboff\u00bb button_two_bg_color__hover_enabled=\u00bboff\u00bb][\/et_pb_contact_field][\/et_pb_contact_form][\/et_pb_column][\/et_pb_row][\/et_pb_section]<\/p>\n","protected":false},"excerpt":{"rendered":"<p>Sobre Nosotros En IZ SALUD nos dedicamos al estudio de la influencia del campo magn\u00e9tico permanente y el campo magn\u00e9tico pulsante con corriente continua en el cuerpo humano. Nuestro objetivo es desarrollar m\u00e9todos de revisi\u00f3n objetiva y describir las alteraciones del campo bio-electro-magn\u00e9tico del organismo humano. Para ello, definimos las variables de dosaje, localizaci\u00f3n y [&hellip;]<\/p>\n","protected":false},"author":1,"featured_media":0,"parent":0,"menu_order":0,"comment_status":"closed","ping_status":"closed","template":"","meta":{"_et_pb_use_builder":"on","_et_pb_old_content":"","_et_gb_content_width":"","footnotes":""},"class_list":["post-86","page","type-page","status-publish","hentry"],"_links":{"self":[{"href":"https:\/\/izsalud.es\/index.php\/wp-json\/wp\/v2\/pages\/86","targetHints":{"allow":["GET"]}}],"collection":[{"href":"https:\/\/izsalud.es\/index.php\/wp-json\/wp\/v2\/pages"}],"about":[{"href":"https:\/\/izsalud.es\/index.php\/wp-json\/wp\/v2\/types\/page"}],"author":[{"embeddable":true,"href":"https:\/\/izsalud.es\/index.php\/wp-json\/wp\/v2\/users\/1"}],"replies":[{"embeddable":true,"href":"https:\/\/izsalud.es\/index.php\/wp-json\/wp\/v2\/comments?post=86"}],"version-history":[{"count":5,"href":"https:\/\/izsalud.es\/index.php\/wp-json\/wp\/v2\/pages\/86\/revisions"}],"predecessor-version":[{"id":137,"href":"https:\/\/izsalud.es\/index.php\/wp-json\/wp\/v2\/pages\/86\/revisions\/137"}],"wp:attachment":[{"href":"https:\/\/izsalud.es\/index.php\/wp-json\/wp\/v2\/media?parent=86"}],"curies":[{"name":"wp","href":"https:\/\/api.w.org\/{rel}","templated":true}]}}